{"id":46,"date":"2022-09-13T14:23:57","date_gmt":"2022-09-13T14:23:57","guid":{"rendered":"https:\/\/pigler.hu\/?page_id=46"},"modified":"2024-11-21T14:08:04","modified_gmt":"2024-11-21T14:08:04","slug":"amiben-segithetek","status":"publish","type":"page","link":"https:\/\/pigler.hu\/index.php\/amiben-segithetek\/","title":{"rendered":"Amiben seg\u00edthetek"},"content":{"rendered":"<h2 style=\"text-align: center;\">Amiben seg\u00edthetek<\/h2>\n<p>&nbsp;<\/p>\n<ul>\n<li>szorong\u00e1sos zavarok<\/li>\n<li>p\u00e1nikzavar<\/li>\n<li>hangulati zavarok<\/li>\n<li><span style=\"font-weight: 400;\">\u00e9letvezet\u00e9si elakad\u00e1sok\u00a0<\/span><\/li>\n<li><span style=\"font-weight: 400;\">kommunik\u00e1ci\u00f3s neh\u00e9zs\u00e9gek,\u00a0<\/span><span style=\"font-weight: 400;\">kapcsolati konfliktusok<\/span><\/li>\n<li><span style=\"font-weight: 400;\">self care &#8211; lelki \u00f6ngondoskod\u00e1s<\/span><\/li>\n<\/ul>\n<p>Szakmai kompetencia hat\u00e1raimat betartva mindig a kliens \u00e9rdek\u00e9t tartom szem el\u0151tt, ez\u00e9rt ha azt \u00e9rz\u00e9kelem, hogy a t\u00e9ma, a helyzet vagy az \u00e1llapot m\u00e1s szakember szakter\u00fclete, azonnal jelzem. A ment\u00e1lhigi\u00e9n\u00e9s \u00e9s CBT konzult\u00e1ci\u00f3 nem min\u0151s\u00fcl ter\u00e1pi\u00e1nak.<\/p>\n<p><span style=\"font-weight: 400;\"><a href=\"https:\/\/pigler.hu\/wp-content\/uploads\/2022\/09\/TITOKTARTASI_NYILATKOZAT.pdf\">TITOKTART\u00c1SI_NYILATKOZAT_PPA_Mag\u00e1n.docx<\/a><\/span><\/p>\n","protected":false},"excerpt":{"rendered":"<p>Amiben seg\u00edthetek &nbsp; szorong\u00e1sos zavarok p\u00e1nikzavar hangulati zavarok \u00e9letvezet\u00e9si elakad\u00e1sok\u00a0 kommunik\u00e1ci\u00f3s neh\u00e9zs\u00e9gek,\u00a0kapcsolati konfliktusok self care &#8211; lelki \u00f6ngondoskod\u00e1s Szakmai kompetencia hat\u00e1raimat betartva mindig a kliens \u00e9rdek\u00e9t tartom szem el\u0151tt, ez\u00e9rt &#8230;<\/p>\n","protected":false},"author":1,"featured_media":0,"parent":0,"menu_order":0,"comment_status":"closed","ping_status":"closed","template":"","meta":{"footnotes":""},"class_list":["post-46","page","type-page","status-publish","hentry"],"_links":{"self":[{"href":"https:\/\/pigler.hu\/index.php\/wp-json\/wp\/v2\/pages\/46","targetHints":{"allow":["GET"]}}],"collection":[{"href":"https:\/\/pigler.hu\/index.php\/wp-json\/wp\/v2\/pages"}],"about":[{"href":"https:\/\/pigler.hu\/index.php\/wp-json\/wp\/v2\/types\/page"}],"author":[{"embeddable":true,"href":"https:\/\/pigler.hu\/index.php\/wp-json\/wp\/v2\/users\/1"}],"replies":[{"embeddable":true,"href":"https:\/\/pigler.hu\/index.php\/wp-json\/wp\/v2\/comments?post=46"}],"version-history":[{"count":8,"href":"https:\/\/pigler.hu\/index.php\/wp-json\/wp\/v2\/pages\/46\/revisions"}],"predecessor-version":[{"id":138,"href":"https:\/\/pigler.hu\/index.php\/wp-json\/wp\/v2\/pages\/46\/revisions\/138"}],"wp:attachment":[{"href":"https:\/\/pigler.hu\/index.php\/wp-json\/wp\/v2\/media?parent=46"}],"curies":[{"name":"wp","href":"https:\/\/api.w.org\/{rel}","templated":true}]}}